{"id":23492,"date":"2025-04-14T15:18:40","date_gmt":"2025-04-14T15:18:40","guid":{"rendered":"https:\/\/conciergerie.cleverix.ma\/?page_id=23492"},"modified":"2025-05-16T12:05:54","modified_gmt":"2025-05-16T12:05:54","slug":"a-propos","status":"publish","type":"page","link":"https:\/\/edenconciergerie.ma\/en\/a-propos\/","title":{"rendered":"\u00a0\u00c0 Propos"},"content":{"rendered":"\t\t<div data-elementor-type=\"wp-page\" data-elementor-id=\"23492\" class=\"elementor elementor-23492\">\n\t\t\t\t<div class=\"elementor-element elementor-element-80c6dbd e-flex e-con-boxed e-con e-parent\" data-id=\"80c6dbd\" data-element_type=\"container\" data-settings=\"{&quot;background_background&quot;:&quot;classic&quot;}\">\n\t\t\t\t\t<div class=\"e-con-inner\">\n\t\t\t\t<div class=\"elementor-element elementor-element-6c113c3 elementor-widget elementor-widget-heading\" data-id=\"6c113c3\" data-element_type=\"widget\" data-widget_type=\"heading.default\">\n\t\t\t\t<div class=\"elementor-widget-container\">\n\t\t\t\t\t<h2 class=\"elementor-heading-title elementor-size-default\">\u00c0 Propos <\/h2>\t\t\t\t<\/div>\n\t\t\t\t<\/div>\n\t\t\t\t\t<\/div>\n\t\t\t\t<\/div>\n\t\t<div class=\"elementor-element elementor-element-ebbd15b e-flex e-con-boxed e-con e-parent\" data-id=\"ebbd15b\" data-element_type=\"container\">\n\t\t\t\t\t<div class=\"e-con-inner\">\n\t\t<div class=\"elementor-element elementor-element-c9d65af e-con-full e-flex elementor-invisible e-con e-child\" data-id=\"c9d65af\" data-element_type=\"container\" data-settings=\"{&quot;animation&quot;:&quot;fadeInRight&quot;}\">\n\t\t\t\t<div class=\"elementor-element elementor-element-be3c633 elementor-widget elementor-widget-heading\" data-id=\"be3c633\" data-element_type=\"widget\" data-widget_type=\"heading.default\">\n\t\t\t\t<div class=\"elementor-widget-container\">\n\t\t\t\t\t<h2 class=\"elementor-heading-title elementor-size-default\">\u00c0 Propos d\u2019Eden Villas<\/h2>\t\t\t\t<\/div>\n\t\t\t\t<\/div>\n\t\t\t\t<div class=\"elementor-element elementor-element-c89af17 elementor-widget elementor-widget-text-editor\" data-id=\"c89af17\" data-element_type=\"widget\" data-widget_type=\"text-editor.default\">\n\t\t\t\t<div class=\"elementor-widget-container\">\n\t\t\t\t\t\t\t\t\tVotre partenaire de confiance pour des s\u00e9jours luxueux \u00e0 Marrakech.\nChez Eden Villas, nous red\u00e9finissons l\u2019art du s\u00e9jour de luxe. Fond\u00e9e par une \u00e9quipe passionn\u00e9e par l\u2019hospitalit\u00e9 et le raffinement, notre agence s\u2019efforce de vous offrir une exp\u00e9rience unique dans les plus belles propri\u00e9t\u00e9s de Marrakech. Notre mission est simple : transformer chaque voyage en un moment inoubliable, o\u00f9 \u00e9l\u00e9gance, confort et authenticit\u00e9 marocaine se rencontrent.\nNous croyons que chaque s\u00e9jour doit \u00eatre une c\u00e9l\u00e9bration de la vie. C\u2019est pourquoi nous s\u00e9lectionnons avec soin chacune de nos villas pour garantir qu\u2019elles r\u00e9pondent aux normes les plus \u00e9lev\u00e9es de qualit\u00e9 et de design. Nos clients sont au c\u0153ur de tout ce que nous faisons, et nous nous engageons \u00e0 fournir un service personnalis\u00e9 qui d\u00e9passe vos attentes.\n\t\t\t\t\t\t\t\t<\/div>\n\t\t\t\t<\/div>\n\t\t\t\t<div class=\"elementor-element elementor-element-1d4830d btn-sparow btn-sparow-blue elementor-align-left elementor-widget elementor-widget-button\" data-id=\"1d4830d\" data-element_type=\"widget\" data-widget_type=\"button.default\">\n\t\t\t\t<div class=\"elementor-widget-container\">\n\t\t\t\t\t\t\t\t\t<div class=\"elementor-button-wrapper\">\n\t\t\t\t\t<a class=\"elementor-button elementor-button-link elementor-size-sm\" href=\"\/contact\">\n\t\t\t\t\t\t<span class=\"elementor-button-content-wrapper\">\n\t\t\t\t\t\t\t\t\t<span class=\"elementor-button-text\">D\u00e9couvrir plus de villas<\/span>\n\t\t\t\t\t<\/span>\n\t\t\t\t\t<\/a>\n\t\t\t\t<\/div>\n\t\t\t\t\t\t\t\t<\/div>\n\t\t\t\t<\/div>\n\t\t\t\t<\/div>\n\t\t<div class=\"elementor-element elementor-element-d678960 e-con-full e-flex elementor-invisible e-con e-child\" data-id=\"d678960\" data-element_type=\"container\" data-settings=\"{&quot;background_background&quot;:&quot;classic&quot;,&quot;animation&quot;:&quot;fadeInLeft&quot;}\">\n\t\t\t\t<\/div>\n\t\t\t\t\t<\/div>\n\t\t\t\t<\/div>\n\t\t<div class=\"elementor-element elementor-element-4ee32a3 e-flex e-con-boxed elementor-invisible e-con e-parent\" data-id=\"4ee32a3\" data-element_type=\"container\" data-settings=\"{&quot;background_background&quot;:&quot;slideshow&quot;,&quot;animation&quot;:&quot;fadeInUp&quot;,&quot;background_slideshow_gallery&quot;:[{&quot;id&quot;:23571,&quot;url&quot;:&quot;https:\\\/\\\/edenconciergerie.ma\\\/wp-content\\\/uploads\\\/2025\\\/04\\\/Villa-Melissa-Amalfi-Coast-20-1.webp&quot;},{&quot;id&quot;:25070,&quot;url&quot;:&quot;https:\\\/\\\/edenconciergerie.ma\\\/wp-content\\\/uploads\\\/2025\\\/04\\\/ESPPMAR-club-marmara-del-mar-vacances-baleares-espagne-tui-1.webp&quot;},{&quot;id&quot;:16782,&quot;url&quot;:&quot;https:\\\/\\\/edenconciergerie.ma\\\/wp-content\\\/uploads\\\/2025\\\/04\\\/GettyImages-1247853982.webp&quot;},{&quot;id&quot;:16743,&quot;url&quot;:&quot;https:\\\/\\\/edenconciergerie.ma\\\/wp-content\\\/uploads\\\/2025\\\/04\\\/maxresdefault.jpg&quot;},{&quot;id&quot;:23547,&quot;url&quot;:&quot;https:\\\/\\\/edenconciergerie.ma\\\/wp-content\\\/uploads\\\/2025\\\/04\\\/4c5ea4c6b2f749f5ba0ea9f55f6b6cb8.jpg&quot;},{&quot;id&quot;:24492,&quot;url&quot;:&quot;https:\\\/\\\/edenconciergerie.ma\\\/wp-content\\\/uploads\\\/2025\\\/04\\\/Screenshot_18-5-870x555-1.png&quot;}],&quot;background_slideshow_lazyload&quot;:&quot;yes&quot;,&quot;background_slideshow_ken_burns&quot;:&quot;yes&quot;,&quot;background_slideshow_loop&quot;:&quot;yes&quot;,&quot;background_slideshow_slide_duration&quot;:5000,&quot;background_slideshow_slide_transition&quot;:&quot;fade&quot;,&quot;background_slideshow_transition_duration&quot;:500,&quot;background_slideshow_ken_burns_zoom_direction&quot;:&quot;in&quot;}\">\n\t\t\t\t\t<div class=\"e-con-inner\">\n\t\t\t\t\t<\/div>\n\t\t\t\t<\/div>\n\t\t<div class=\"elementor-element elementor-element-1c1f1e8 e-flex e-con-boxed e-con e-parent\" data-id=\"1c1f1e8\" data-element_type=\"container\">\n\t\t\t\t\t<div class=\"e-con-inner\">\n\t\t<div class=\"elementor-element elementor-element-779b71f e-con-full e-flex elementor-invisible e-con e-child\" data-id=\"779b71f\" data-element_type=\"container\" data-settings=\"{&quot;background_background&quot;:&quot;classic&quot;,&quot;animation&quot;:&quot;fadeInLeft&quot;}\">\n\t\t\t\t<\/div>\n\t\t<div class=\"elementor-element elementor-element-d53503c e-con-full e-flex elementor-invisible e-con e-child\" data-id=\"d53503c\" data-element_type=\"container\" data-settings=\"{&quot;animation&quot;:&quot;fadeInRight&quot;}\">\n\t\t\t\t<div class=\"elementor-element elementor-element-c43d934 elementor-widget elementor-widget-heading\" data-id=\"c43d934\" data-element_type=\"widget\" data-widget_type=\"heading.default\">\n\t\t\t\t<div class=\"elementor-widget-container\">\n\t\t\t\t\t<h3 class=\"elementor-heading-title elementor-size-default\">Notre Histoire<\/h3>\t\t\t\t<\/div>\n\t\t\t\t<\/div>\n\t\t\t\t<div class=\"elementor-element elementor-element-2aacb07 elementor-widget elementor-widget-text-editor\" data-id=\"2aacb07\" data-element_type=\"widget\" data-widget_type=\"text-editor.default\">\n\t\t\t\t<div class=\"elementor-widget-container\">\n\t\t\t\t\t\t\t\t\tUne Passion pour l\u2019Excellence et l\u2019Hospitalit\u00e9 Marocaine.\n\t\t\t\t\t\t\t\t<\/div>\n\t\t\t\t<\/div>\n\t\t\t\t<div class=\"elementor-element elementor-element-a4a9b4d elementor-widget elementor-widget-text-editor\" data-id=\"a4a9b4d\" data-element_type=\"widget\" data-widget_type=\"text-editor.default\">\n\t\t\t\t<div class=\"elementor-widget-container\">\n\t\t\t\t\t\t\t\t\tEden Villas est n\u00e9 d\u2019une vision simple : offrir des h\u00e9bergements de luxe qui capturent l\u2019essence m\u00eame de Marrakech. Depuis notre cr\u00e9ation, nous avons travaill\u00e9 avec des architectes, des designers et des artisans locaux pour cr\u00e9er des villas qui refl\u00e8tent la richesse culturelle et l\u2019artisanat marocain tout en int\u00e9grant des technologies modernes. Chaque villa raconte une histoire, m\u00e9langeant tradition et innovation pour offrir un cadre parfait pour vos vacances.\n\t\t\t\t\t\t\t\t<\/div>\n\t\t\t\t<\/div>\n\t\t\t\t<\/div>\n\t\t\t\t\t<\/div>\n\t\t\t\t<\/div>\n\t\t<div class=\"elementor-element elementor-element-8587190 e-flex e-con-boxed e-con e-parent\" data-id=\"8587190\" data-element_type=\"container\">\n\t\t\t\t\t<div class=\"e-con-inner\">\n\t\t<div class=\"elementor-element elementor-element-838522e e-con-full e-flex elementor-invisible e-con e-child\" data-id=\"838522e\" data-element_type=\"container\" data-settings=\"{&quot;animation&quot;:&quot;fadeInRight&quot;}\">\n\t\t\t\t<div class=\"elementor-element elementor-element-082e1c1 elementor-widget elementor-widget-heading\" data-id=\"082e1c1\" data-element_type=\"widget\" data-widget_type=\"heading.default\">\n\t\t\t\t<div class=\"elementor-widget-container\">\n\t\t\t\t\t<h3 class=\"elementor-heading-title elementor-size-default\">Notre Engagement<\/h3>\t\t\t\t<\/div>\n\t\t\t\t<\/div>\n\t\t\t\t<div class=\"elementor-element elementor-element-501a81b elementor-widget elementor-widget-text-editor\" data-id=\"501a81b\" data-element_type=\"widget\" data-widget_type=\"text-editor.default\">\n\t\t\t\t<div class=\"elementor-widget-container\">\n\t\t\t\t\t\t\t\t\tL\u2019Excellence, toujours.\t\t\t\t\t\t\t\t<\/div>\n\t\t\t\t<\/div>\n\t\t\t\t<div class=\"elementor-element elementor-element-22feecf elementor-widget elementor-widget-text-editor\" data-id=\"22feecf\" data-element_type=\"widget\" data-widget_type=\"text-editor.default\">\n\t\t\t\t<div class=\"elementor-widget-container\">\n\t\t\t\t\t\t\t\t\tNotre engagement envers l\u2019excellence se refl\u00e8te dans chaque d\u00e9tail. De la propret\u00e9 irr\u00e9prochable de nos villas \u00e0 la r\u00e9activit\u00e9 de notre \u00e9quipe, nous mettons tout en \u0153uvre pour assurer votre satisfaction. Nous proposons \u00e9galement des services suppl\u00e9mentaires sur mesure, tels que des cuisiniers priv\u00e9s, des chauffeurs et des guides touristiques, pour enrichir votre s\u00e9jour.\t\t\t\t\t\t\t\t<\/div>\n\t\t\t\t<\/div>\n\t\t\t\t<div class=\"elementor-element elementor-element-1dc3568 btn-sparow btn-sparow-blue elementor-align-left elementor-widget elementor-widget-button\" data-id=\"1dc3568\" data-element_type=\"widget\" data-widget_type=\"button.default\">\n\t\t\t\t<div class=\"elementor-widget-container\">\n\t\t\t\t\t\t\t\t\t<div class=\"elementor-button-wrapper\">\n\t\t\t\t\t<a class=\"elementor-button elementor-button-link elementor-size-sm\" href=\"\/contact\">\n\t\t\t\t\t\t<span class=\"elementor-button-content-wrapper\">\n\t\t\t\t\t\t\t\t\t<span class=\"elementor-button-text\"> D\u00e9couvrir Nos Services<\/span>\n\t\t\t\t\t<\/span>\n\t\t\t\t\t<\/a>\n\t\t\t\t<\/div>\n\t\t\t\t\t\t\t\t<\/div>\n\t\t\t\t<\/div>\n\t\t\t\t<\/div>\n\t\t<div class=\"elementor-element elementor-element-f528b37 e-con-full e-flex elementor-invisible e-con e-child\" data-id=\"f528b37\" data-element_type=\"container\" data-settings=\"{&quot;background_background&quot;:&quot;classic&quot;,&quot;animation&quot;:&quot;fadeInLeft&quot;}\">\n\t\t\t\t<\/div>\n\t\t\t\t\t<\/div>\n\t\t\t\t<\/div>\n\t\t\t\t<\/div>\n\t\t","protected":false},"excerpt":{"rendered":"<p>\u00c0 Propos \u00c0 Propos d\u2019Eden Villas Votre partenaire de confiance pour des s\u00e9jours luxueux \u00e0 Marrakech. Chez Eden Villas, nous red\u00e9finissons l\u2019art du s\u00e9jour de luxe. Fond\u00e9e par une \u00e9quipe passionn\u00e9e par l\u2019hospitalit\u00e9 et le raffinement, notre agence s\u2019efforce de vous offrir une exp\u00e9rience unique dans les plus belles propri\u00e9t\u00e9s de Marrakech. Notre mission est [&hellip;]<\/p>\n","protected":false},"author":1,"featured_media":8030,"parent":0,"menu_order":0,"comment_status":"closed","ping_status":"closed","template":"elementor_header_footer","meta":{"footnotes":""},"class_list":["post-23492","page","type-page","status-publish","has-post-thumbnail","hentry"],"_links":{"self":[{"href":"https:\/\/edenconciergerie.ma\/en\/wp-json\/wp\/v2\/pages\/23492","targetHints":{"allow":["GET"]}}],"collection":[{"href":"https:\/\/edenconciergerie.ma\/en\/wp-json\/wp\/v2\/pages"}],"about":[{"href":"https:\/\/edenconciergerie.ma\/en\/wp-json\/wp\/v2\/types\/page"}],"author":[{"embeddable":true,"href":"https:\/\/edenconciergerie.ma\/en\/wp-json\/wp\/v2\/users\/1"}],"replies":[{"embeddable":true,"href":"https:\/\/edenconciergerie.ma\/en\/wp-json\/wp\/v2\/comments?post=23492"}],"version-history":[{"count":16,"href":"https:\/\/edenconciergerie.ma\/en\/wp-json\/wp\/v2\/pages\/23492\/revisions"}],"predecessor-version":[{"id":25259,"href":"https:\/\/edenconciergerie.ma\/en\/wp-json\/wp\/v2\/pages\/23492\/revisions\/25259"}],"wp:featuredmedia":[{"embeddable":true,"href":"https:\/\/edenconciergerie.ma\/en\/wp-json\/"}],"wp:attachment":[{"href":"https:\/\/edenconciergerie.ma\/en\/wp-json\/wp\/v2\/media?parent=23492"}],"curies":[{"name":"wp","href":"https:\/\/api.w.org\/{rel}","templated":true}]}}